{"id":3875,"date":"2026-03-03T20:57:23","date_gmt":"2026-03-03T20:57:23","guid":{"rendered":"https:\/\/boglarkanagy.com\/?post_type=product&#038;p=3875"},"modified":"2026-03-04T14:41:48","modified_gmt":"2026-03-04T14:41:48","slug":"ez-egy-kep","status":"publish","type":"product","link":"https:\/\/boglarkanagy.com\/en\/product\/ez-egy-kep\/","title":{"rendered":"Ez egy k\u00e9p"},"content":{"rendered":"","protected":false},"excerpt":{"rendered":"<p>Ez a le\u00edr\u00e1s \u00a0Le\u00edr\u00e1s M\u00e9ret sz\u00f6veg sz\u00f6veg\u00a0Le\u00edr\u00e1s M\u00e9ret sz\u00f6veg sz\u00f6veg\u00a0Le\u00edr\u00e1s M\u00e9ret sz\u00f6veg sz\u00f6veg\u00a0Le\u00edr\u00e1s M\u00e9ret sz\u00f6veg sz\u00f6veg<\/p>","protected":false},"featured_media":3737,"comment_status":"open","ping_status":"closed","template":"","meta":[],"product_brand":[],"product_cat":[94],"product_tag":[],"class_list":{"0":"post-3875","1":"product","2":"type-product","3":"status-publish","4":"has-post-thumbnail","6":"product_cat-fine-art-giclee-print","7":"pa_meret-12cmx20cm","8":"pa_meret-35cmx30","10":"first","11":"instock","12":"sold-individually","13":"shipping-taxable","14":"purchasable","15":"product-type-variable","16":"has-default-attributes"},"yoast_head":"<!-- This site is optimized with the Yoast SEO plugin v27.4 - https:\/\/yoast.com\/product\/yoast-seo-wordpress\/ -->\n<title>Ez egy k\u00e9p - Boglarka Nagy<\/title>\n<meta name=\"robots\" content=\"index, follow, max-snippet:-1, max-image-preview:large, max-video-preview:-1\" \/>\n<link rel=\"canonical\" href=\"https:\/\/boglarkanagy.com\/en\/product\/ez-egy-kep\/\" \/>\n<meta property=\"og:locale\" content=\"en_US\" \/>\n<meta property=\"og:type\" content=\"article\" \/>\n<meta property=\"og:title\" content=\"Ez egy k\u00e9p - Boglarka Nagy\" \/>\n<meta property=\"og:description\" content=\"Ez a le\u00edr\u00e1s \u00a0Le\u00edr\u00e1s M\u00e9ret sz\u00f6veg sz\u00f6veg\u00a0Le\u00edr\u00e1s M\u00e9ret sz\u00f6veg sz\u00f6veg\u00a0Le\u00edr\u00e1s M\u00e9ret sz\u00f6veg sz\u00f6veg\u00a0Le\u00edr\u00e1s M\u00e9ret sz\u00f6veg sz\u00f6veg\" \/>\n<meta property=\"og:url\" content=\"https:\/\/boglarkanagy.com\/en\/product\/ez-egy-kep\/\" \/>\n<meta property=\"og:site_name\" content=\"Boglarka Nagy\" \/>\n<meta property=\"article:modified_time\" content=\"2026-03-04T14:41:48+00:00\" \/>\n<meta property=\"og:image\" content=\"https:\/\/boglarkanagy.com\/wp-content\/uploads\/2026\/02\/Queen_L.jpg\" \/>\n\t<meta property=\"og:image:width\" content=\"1200\" \/>\n\t<meta property=\"og:image:height\" content=\"980\" \/>\n\t<meta property=\"og:image:type\" content=\"image\/jpeg\" \/>\n<meta name=\"twitter:card\" content=\"summary_large_image\" \/>\n<script type=\"application\/ld+json\" class=\"yoast-schema-graph\">{\"@context\":\"https:\\\/\\\/schema.org\",\"@graph\":[{\"@type\":\"WebPage\",\"@id\":\"https:\\\/\\\/boglarkanagy.com\\\/termek\\\/ez-egy-kep\\\/\",\"url\":\"https:\\\/\\\/boglarkanagy.com\\\/termek\\\/ez-egy-kep\\\/\",\"name\":\"Ez egy k\u00e9p - Boglarka Nagy\",\"isPartOf\":{\"@id\":\"https:\\\/\\\/boglarkanagy.com\\\/hu\\\/#website\"},\"primaryImageOfPage\":{\"@id\":\"https:\\\/\\\/boglarkanagy.com\\\/termek\\\/ez-egy-kep\\\/#primaryimage\"},\"image\":{\"@id\":\"https:\\\/\\\/boglarkanagy.com\\\/termek\\\/ez-egy-kep\\\/#primaryimage\"},\"thumbnailUrl\":\"https:\\\/\\\/boglarkanagy.com\\\/wp-content\\\/uploads\\\/2026\\\/02\\\/Queen_L.jpg\",\"datePublished\":\"2026-03-03T20:57:23+00:00\",\"dateModified\":\"2026-03-04T14:41:48+00:00\",\"breadcrumb\":{\"@id\":\"https:\\\/\\\/boglarkanagy.com\\\/termek\\\/ez-egy-kep\\\/#breadcrumb\"},\"inLanguage\":\"en-US\",\"potentialAction\":[{\"@type\":\"ReadAction\",\"target\":[\"https:\\\/\\\/boglarkanagy.com\\\/termek\\\/ez-egy-kep\\\/\"]}]},{\"@type\":\"ImageObject\",\"inLanguage\":\"en-US\",\"@id\":\"https:\\\/\\\/boglarkanagy.com\\\/termek\\\/ez-egy-kep\\\/#primaryimage\",\"url\":\"https:\\\/\\\/boglarkanagy.com\\\/wp-content\\\/uploads\\\/2026\\\/02\\\/Queen_L.jpg\",\"contentUrl\":\"https:\\\/\\\/boglarkanagy.com\\\/wp-content\\\/uploads\\\/2026\\\/02\\\/Queen_L.jpg\",\"width\":1200,\"height\":980},{\"@type\":\"BreadcrumbList\",\"@id\":\"https:\\\/\\\/boglarkanagy.com\\\/termek\\\/ez-egy-kep\\\/#breadcrumb\",\"itemListElement\":[{\"@type\":\"ListItem\",\"position\":1,\"name\":\"Home\",\"item\":\"https:\\\/\\\/boglarkanagy.com\\\/\"},{\"@type\":\"ListItem\",\"position\":2,\"name\":\"Products\",\"item\":\"https:\\\/\\\/boglarkanagy.com\\\/products\\\/\"},{\"@type\":\"ListItem\",\"position\":3,\"name\":\"Ez egy k\u00e9p\"}]},{\"@type\":\"WebSite\",\"@id\":\"https:\\\/\\\/boglarkanagy.com\\\/hu\\\/#website\",\"url\":\"https:\\\/\\\/boglarkanagy.com\\\/hu\\\/\",\"name\":\"Boglarka Nagy\",\"description\":\"Boglarka Nagy\",\"publisher\":{\"@id\":\"https:\\\/\\\/boglarkanagy.com\\\/hu\\\/#organization\"},\"potentialAction\":[{\"@type\":\"SearchAction\",\"target\":{\"@type\":\"EntryPoint\",\"urlTemplate\":\"https:\\\/\\\/boglarkanagy.com\\\/hu\\\/?s={search_term_string}\"},\"query-input\":{\"@type\":\"PropertyValueSpecification\",\"valueRequired\":true,\"valueName\":\"search_term_string\"}}],\"inLanguage\":\"en-US\"},{\"@type\":\"Organization\",\"@id\":\"https:\\\/\\\/boglarkanagy.com\\\/hu\\\/#organization\",\"name\":\"Boglarka Nagy\",\"url\":\"https:\\\/\\\/boglarkanagy.com\\\/hu\\\/\",\"logo\":{\"@type\":\"ImageObject\",\"inLanguage\":\"en-US\",\"@id\":\"https:\\\/\\\/boglarkanagy.com\\\/hu\\\/#\\\/schema\\\/logo\\\/image\\\/\",\"url\":\"https:\\\/\\\/boglarkanagy.com\\\/wp-content\\\/uploads\\\/2024\\\/01\\\/bn_logo_bvn_logov_white-2-2.png\",\"contentUrl\":\"https:\\\/\\\/boglarkanagy.com\\\/wp-content\\\/uploads\\\/2024\\\/01\\\/bn_logo_bvn_logov_white-2-2.png\",\"width\":700,\"height\":68,\"caption\":\"Boglarka Nagy\"},\"image\":{\"@id\":\"https:\\\/\\\/boglarkanagy.com\\\/hu\\\/#\\\/schema\\\/logo\\\/image\\\/\"}}]}<\/script>\n<!-- \/ Yoast SEO plugin. -->","yoast_head_json":{"title":"Ez egy k\u00e9p - Boglarka Nagy","robots":{"index":"index","follow":"follow","max-snippet":"max-snippet:-1","max-image-preview":"max-image-preview:large","max-video-preview":"max-video-preview:-1"},"canonical":"https:\/\/boglarkanagy.com\/en\/product\/ez-egy-kep\/","og_locale":"en_US","og_type":"article","og_title":"Ez egy k\u00e9p - Boglarka Nagy","og_description":"Ez a le\u00edr\u00e1s \u00a0Le\u00edr\u00e1s M\u00e9ret sz\u00f6veg sz\u00f6veg\u00a0Le\u00edr\u00e1s M\u00e9ret sz\u00f6veg sz\u00f6veg\u00a0Le\u00edr\u00e1s M\u00e9ret sz\u00f6veg sz\u00f6veg\u00a0Le\u00edr\u00e1s M\u00e9ret sz\u00f6veg sz\u00f6veg","og_url":"https:\/\/boglarkanagy.com\/en\/product\/ez-egy-kep\/","og_site_name":"Boglarka Nagy","article_modified_time":"2026-03-04T14:41:48+00:00","og_image":[{"width":1200,"height":980,"url":"https:\/\/boglarkanagy.com\/wp-content\/uploads\/2026\/02\/Queen_L.jpg","type":"image\/jpeg"}],"twitter_card":"summary_large_image","schema":{"@context":"https:\/\/schema.org","@graph":[{"@type":"WebPage","@id":"https:\/\/boglarkanagy.com\/termek\/ez-egy-kep\/","url":"https:\/\/boglarkanagy.com\/termek\/ez-egy-kep\/","name":"Ez egy k\u00e9p - Boglarka Nagy","isPartOf":{"@id":"https:\/\/boglarkanagy.com\/hu\/#website"},"primaryImageOfPage":{"@id":"https:\/\/boglarkanagy.com\/termek\/ez-egy-kep\/#primaryimage"},"image":{"@id":"https:\/\/boglarkanagy.com\/termek\/ez-egy-kep\/#primaryimage"},"thumbnailUrl":"https:\/\/boglarkanagy.com\/wp-content\/uploads\/2026\/02\/Queen_L.jpg","datePublished":"2026-03-03T20:57:23+00:00","dateModified":"2026-03-04T14:41:48+00:00","breadcrumb":{"@id":"https:\/\/boglarkanagy.com\/termek\/ez-egy-kep\/#breadcrumb"},"inLanguage":"en-US","potentialAction":[{"@type":"ReadAction","target":["https:\/\/boglarkanagy.com\/termek\/ez-egy-kep\/"]}]},{"@type":"ImageObject","inLanguage":"en-US","@id":"https:\/\/boglarkanagy.com\/termek\/ez-egy-kep\/#primaryimage","url":"https:\/\/boglarkanagy.com\/wp-content\/uploads\/2026\/02\/Queen_L.jpg","contentUrl":"https:\/\/boglarkanagy.com\/wp-content\/uploads\/2026\/02\/Queen_L.jpg","width":1200,"height":980},{"@type":"BreadcrumbList","@id":"https:\/\/boglarkanagy.com\/termek\/ez-egy-kep\/#breadcrumb","itemListElement":[{"@type":"ListItem","position":1,"name":"Home","item":"https:\/\/boglarkanagy.com\/"},{"@type":"ListItem","position":2,"name":"Products","item":"https:\/\/boglarkanagy.com\/products\/"},{"@type":"ListItem","position":3,"name":"Ez egy k\u00e9p"}]},{"@type":"WebSite","@id":"https:\/\/boglarkanagy.com\/hu\/#website","url":"https:\/\/boglarkanagy.com\/hu\/","name":"Boglarka Nagy","description":"Boglarka Nagy","publisher":{"@id":"https:\/\/boglarkanagy.com\/hu\/#organization"},"potentialAction":[{"@type":"SearchAction","target":{"@type":"EntryPoint","urlTemplate":"https:\/\/boglarkanagy.com\/hu\/?s={search_term_string}"},"query-input":{"@type":"PropertyValueSpecification","valueRequired":true,"valueName":"search_term_string"}}],"inLanguage":"en-US"},{"@type":"Organization","@id":"https:\/\/boglarkanagy.com\/hu\/#organization","name":"Boglarka Nagy","url":"https:\/\/boglarkanagy.com\/hu\/","logo":{"@type":"ImageObject","inLanguage":"en-US","@id":"https:\/\/boglarkanagy.com\/hu\/#\/schema\/logo\/image\/","url":"https:\/\/boglarkanagy.com\/wp-content\/uploads\/2024\/01\/bn_logo_bvn_logov_white-2-2.png","contentUrl":"https:\/\/boglarkanagy.com\/wp-content\/uploads\/2024\/01\/bn_logo_bvn_logov_white-2-2.png","width":700,"height":68,"caption":"Boglarka Nagy"},"image":{"@id":"https:\/\/boglarkanagy.com\/hu\/#\/schema\/logo\/image\/"}}]}},"_links":{"self":[{"href":"https:\/\/boglarkanagy.com\/en\/wp-json\/wp\/v2\/product\/3875","targetHints":{"allow":["GET"]}}],"collection":[{"href":"https:\/\/boglarkanagy.com\/en\/wp-json\/wp\/v2\/product"}],"about":[{"href":"https:\/\/boglarkanagy.com\/en\/wp-json\/wp\/v2\/types\/product"}],"replies":[{"embeddable":true,"href":"https:\/\/boglarkanagy.com\/en\/wp-json\/wp\/v2\/comments?post=3875"}],"wp:featuredmedia":[{"embeddable":true,"href":"https:\/\/boglarkanagy.com\/en\/wp-json\/wp\/v2\/media\/3737"}],"wp:attachment":[{"href":"https:\/\/boglarkanagy.com\/en\/wp-json\/wp\/v2\/media?parent=3875"}],"wp:term":[{"taxonomy":"product_brand","embeddable":true,"href":"https:\/\/boglarkanagy.com\/en\/wp-json\/wp\/v2\/product_brand?post=3875"},{"taxonomy":"product_cat","embeddable":true,"href":"https:\/\/boglarkanagy.com\/en\/wp-json\/wp\/v2\/product_cat?post=3875"},{"taxonomy":"product_tag","embeddable":true,"href":"https:\/\/boglarkanagy.com\/en\/wp-json\/wp\/v2\/product_tag?post=3875"}],"curies":[{"name":"wp","href":"https:\/\/api.w.org\/{rel}","templated":true}]}}