{"id":425,"date":"2022-04-18T12:34:03","date_gmt":"2022-04-18T12:34:03","guid":{"rendered":"https:\/\/demo.creativethemes.com\/blocksy\/home-decor\/?post_type=product&#038;p=425"},"modified":"2026-02-08T18:31:56","modified_gmt":"2026-02-08T18:31:56","slug":"scelerisque-fermentum","status":"publish","type":"product","link":"https:\/\/boglarkanagy.com\/hu\/termek\/scelerisque-fermentum\/","title":{"rendered":"Scelerisque Fermentum"},"content":{"rendered":"<p>Fusce id velit ut tortor pretium viverra. Et magnis dis parturient montes nascetur ridiculus mus mauris vitae. Nibh praesent tristique magna sit. Eu sem integer vitae justo eget magna fermentum iaculis eu.<\/p>\n<p>Egestas congue quisque egestas diam in. Habitasse platea dictumst vestibulum rhoncus. Et molestie ac feugiat sed lectus vestibulum mattis ullamcorper velit. Enim lobortis scelerisque fermentum dui faucibus in. Imperdiet massa tincidunt nunc pulvinar sapien et ligula.<\/p>\n<p>Eget nullam non nisi est sit amet facilisis magna. Ipsum faucibus vitae aliquet nec ullamcorper sit amet.<\/p>\n<p>Quam id leo in vitae turpis. Sit amet facilisis magna etiam tempor. Id consectetur purus ut faucibus pulvinar elementum integer enim neque. Mattis enim ut tellus elementum sagittis vitae et leo duis. Donec enim diam vulputate ut pharetra sit amet aliquam.<\/p>\n","protected":false},"excerpt":{"rendered":"<p>Eget nullam non nisi est sit amet facilisis magna. Ipsum faucibus vitae aliquet nec ullamcorper sit amet.<\/p>\n<p>Quam id leo in vitae turpis. Sit amet facilisis magna etiam tempor. Id consectetur purus ut faucibus pulvinar elementum integer enim neque. Mattis enim ut tellus elementum sagittis vitae et leo duis. Donec enim diam vulputate ut pharetra sit amet aliquam.<\/p>\n","protected":false},"featured_media":2685,"comment_status":"open","ping_status":"closed","template":"","meta":[],"product_brand":[],"product_cat":[15],"product_tag":[],"class_list":{"0":"post-425","1":"product","2":"type-product","3":"status-publish","4":"has-post-thumbnail","6":"product_cat-egyeb","8":"first","9":"instock","10":"shipping-taxable","11":"purchasable","12":"product-type-simple"},"yoast_head":"<!-- This site is optimized with the Yoast SEO plugin v27.5 - https:\/\/yoast.com\/product\/yoast-seo-wordpress\/ -->\n<title>Scelerisque Fermentum - Boglarka Nagy<\/title>\n<meta name=\"robots\" content=\"index, follow, max-snippet:-1, max-image-preview:large, max-video-preview:-1\" \/>\n<link rel=\"canonical\" href=\"https:\/\/boglarkanagy.com\/hu\/termek\/scelerisque-fermentum\/\" \/>\n<meta property=\"og:locale\" content=\"hu_HU\" \/>\n<meta property=\"og:type\" content=\"article\" \/>\n<meta property=\"og:title\" content=\"Scelerisque Fermentum - Boglarka Nagy\" \/>\n<meta property=\"og:description\" content=\"Eget nullam non nisi est sit amet facilisis magna. Ipsum faucibus vitae aliquet nec ullamcorper sit amet.  Quam id leo in vitae turpis. Sit amet facilisis magna etiam tempor. Id consectetur purus ut faucibus pulvinar elementum integer enim neque. Mattis enim ut tellus elementum sagittis vitae et leo duis. Donec enim diam vulputate ut pharetra sit amet aliquam.\" \/>\n<meta property=\"og:url\" content=\"https:\/\/boglarkanagy.com\/hu\/termek\/scelerisque-fermentum\/\" \/>\n<meta property=\"og:site_name\" content=\"Boglarka Nagy\" \/>\n<meta property=\"article:modified_time\" content=\"2026-02-08T18:31:56+00:00\" \/>\n<meta property=\"og:image\" content=\"https:\/\/boglarkanagy.com\/wp-content\/uploads\/2024\/06\/The_striped_swimsuit_32x41cm.jpg\" \/>\n\t<meta property=\"og:image:width\" content=\"1000\" \/>\n\t<meta property=\"og:image:height\" content=\"806\" \/>\n\t<meta property=\"og:image:type\" content=\"image\/jpeg\" \/>\n<meta name=\"twitter:card\" content=\"summary_large_image\" \/>\n<meta name=\"twitter:label1\" content=\"Becs\u00fclt olvas\u00e1si id\u0151\" \/>\n\t<meta name=\"twitter:data1\" content=\"1 perc\" \/>\n<script type=\"application\/ld+json\" class=\"yoast-schema-graph\">{\"@context\":\"https:\\\/\\\/schema.org\",\"@graph\":[{\"@type\":\"WebPage\",\"@id\":\"https:\\\/\\\/boglarkanagy.com\\\/termek\\\/scelerisque-fermentum\\\/\",\"url\":\"https:\\\/\\\/boglarkanagy.com\\\/termek\\\/scelerisque-fermentum\\\/\",\"name\":\"Scelerisque Fermentum - Boglarka Nagy\",\"isPartOf\":{\"@id\":\"https:\\\/\\\/boglarkanagy.com\\\/hu\\\/#website\"},\"primaryImageOfPage\":{\"@id\":\"https:\\\/\\\/boglarkanagy.com\\\/termek\\\/scelerisque-fermentum\\\/#primaryimage\"},\"image\":{\"@id\":\"https:\\\/\\\/boglarkanagy.com\\\/termek\\\/scelerisque-fermentum\\\/#primaryimage\"},\"thumbnailUrl\":\"https:\\\/\\\/boglarkanagy.com\\\/wp-content\\\/uploads\\\/2024\\\/06\\\/The_striped_swimsuit_32x41cm.jpg\",\"datePublished\":\"2022-04-18T12:34:03+00:00\",\"dateModified\":\"2026-02-08T18:31:56+00:00\",\"breadcrumb\":{\"@id\":\"https:\\\/\\\/boglarkanagy.com\\\/termek\\\/scelerisque-fermentum\\\/#breadcrumb\"},\"inLanguage\":\"hu\",\"potentialAction\":[{\"@type\":\"ReadAction\",\"target\":[\"https:\\\/\\\/boglarkanagy.com\\\/termek\\\/scelerisque-fermentum\\\/\"]}]},{\"@type\":\"ImageObject\",\"inLanguage\":\"hu\",\"@id\":\"https:\\\/\\\/boglarkanagy.com\\\/termek\\\/scelerisque-fermentum\\\/#primaryimage\",\"url\":\"https:\\\/\\\/boglarkanagy.com\\\/wp-content\\\/uploads\\\/2024\\\/06\\\/The_striped_swimsuit_32x41cm.jpg\",\"contentUrl\":\"https:\\\/\\\/boglarkanagy.com\\\/wp-content\\\/uploads\\\/2024\\\/06\\\/The_striped_swimsuit_32x41cm.jpg\",\"width\":1000,\"height\":806},{\"@type\":\"BreadcrumbList\",\"@id\":\"https:\\\/\\\/boglarkanagy.com\\\/termek\\\/scelerisque-fermentum\\\/#breadcrumb\",\"itemListElement\":[{\"@type\":\"ListItem\",\"position\":1,\"name\":\"Home\",\"item\":\"https:\\\/\\\/boglarkanagy.com\\\/\"},{\"@type\":\"ListItem\",\"position\":2,\"name\":\"Products\",\"item\":\"https:\\\/\\\/boglarkanagy.com\\\/products\\\/\"},{\"@type\":\"ListItem\",\"position\":3,\"name\":\"Scelerisque Fermentum\"}]},{\"@type\":\"WebSite\",\"@id\":\"https:\\\/\\\/boglarkanagy.com\\\/hu\\\/#website\",\"url\":\"https:\\\/\\\/boglarkanagy.com\\\/hu\\\/\",\"name\":\"Boglarka Nagy\",\"description\":\"Boglarka Nagy\",\"publisher\":{\"@id\":\"https:\\\/\\\/boglarkanagy.com\\\/hu\\\/#organization\"},\"potentialAction\":[{\"@type\":\"SearchAction\",\"target\":{\"@type\":\"EntryPoint\",\"urlTemplate\":\"https:\\\/\\\/boglarkanagy.com\\\/hu\\\/?s={search_term_string}\"},\"query-input\":{\"@type\":\"PropertyValueSpecification\",\"valueRequired\":true,\"valueName\":\"search_term_string\"}}],\"inLanguage\":\"hu\"},{\"@type\":\"Organization\",\"@id\":\"https:\\\/\\\/boglarkanagy.com\\\/hu\\\/#organization\",\"name\":\"Boglarka Nagy\",\"url\":\"https:\\\/\\\/boglarkanagy.com\\\/hu\\\/\",\"logo\":{\"@type\":\"ImageObject\",\"inLanguage\":\"hu\",\"@id\":\"https:\\\/\\\/boglarkanagy.com\\\/hu\\\/#\\\/schema\\\/logo\\\/image\\\/\",\"url\":\"https:\\\/\\\/boglarkanagy.com\\\/wp-content\\\/uploads\\\/2024\\\/01\\\/bn_logo_bvn_logov_white-2-2.png\",\"contentUrl\":\"https:\\\/\\\/boglarkanagy.com\\\/wp-content\\\/uploads\\\/2024\\\/01\\\/bn_logo_bvn_logov_white-2-2.png\",\"width\":700,\"height\":68,\"caption\":\"Boglarka Nagy\"},\"image\":{\"@id\":\"https:\\\/\\\/boglarkanagy.com\\\/hu\\\/#\\\/schema\\\/logo\\\/image\\\/\"}}]}<\/script>\n<!-- \/ Yoast SEO plugin. -->","yoast_head_json":{"title":"Scelerisque Fermentum - Boglarka Nagy","robots":{"index":"index","follow":"follow","max-snippet":"max-snippet:-1","max-image-preview":"max-image-preview:large","max-video-preview":"max-video-preview:-1"},"canonical":"https:\/\/boglarkanagy.com\/hu\/termek\/scelerisque-fermentum\/","og_locale":"hu_HU","og_type":"article","og_title":"Scelerisque Fermentum - Boglarka Nagy","og_description":"Eget nullam non nisi est sit amet facilisis magna. Ipsum faucibus vitae aliquet nec ullamcorper sit amet.  Quam id leo in vitae turpis. Sit amet facilisis magna etiam tempor. Id consectetur purus ut faucibus pulvinar elementum integer enim neque. Mattis enim ut tellus elementum sagittis vitae et leo duis. Donec enim diam vulputate ut pharetra sit amet aliquam.","og_url":"https:\/\/boglarkanagy.com\/hu\/termek\/scelerisque-fermentum\/","og_site_name":"Boglarka Nagy","article_modified_time":"2026-02-08T18:31:56+00:00","og_image":[{"width":1000,"height":806,"url":"https:\/\/boglarkanagy.com\/wp-content\/uploads\/2024\/06\/The_striped_swimsuit_32x41cm.jpg","type":"image\/jpeg"}],"twitter_card":"summary_large_image","twitter_misc":{"Becs\u00fclt olvas\u00e1si id\u0151":"1 perc"},"schema":{"@context":"https:\/\/schema.org","@graph":[{"@type":"WebPage","@id":"https:\/\/boglarkanagy.com\/termek\/scelerisque-fermentum\/","url":"https:\/\/boglarkanagy.com\/termek\/scelerisque-fermentum\/","name":"Scelerisque Fermentum - Boglarka Nagy","isPartOf":{"@id":"https:\/\/boglarkanagy.com\/hu\/#website"},"primaryImageOfPage":{"@id":"https:\/\/boglarkanagy.com\/termek\/scelerisque-fermentum\/#primaryimage"},"image":{"@id":"https:\/\/boglarkanagy.com\/termek\/scelerisque-fermentum\/#primaryimage"},"thumbnailUrl":"https:\/\/boglarkanagy.com\/wp-content\/uploads\/2024\/06\/The_striped_swimsuit_32x41cm.jpg","datePublished":"2022-04-18T12:34:03+00:00","dateModified":"2026-02-08T18:31:56+00:00","breadcrumb":{"@id":"https:\/\/boglarkanagy.com\/termek\/scelerisque-fermentum\/#breadcrumb"},"inLanguage":"hu","potentialAction":[{"@type":"ReadAction","target":["https:\/\/boglarkanagy.com\/termek\/scelerisque-fermentum\/"]}]},{"@type":"ImageObject","inLanguage":"hu","@id":"https:\/\/boglarkanagy.com\/termek\/scelerisque-fermentum\/#primaryimage","url":"https:\/\/boglarkanagy.com\/wp-content\/uploads\/2024\/06\/The_striped_swimsuit_32x41cm.jpg","contentUrl":"https:\/\/boglarkanagy.com\/wp-content\/uploads\/2024\/06\/The_striped_swimsuit_32x41cm.jpg","width":1000,"height":806},{"@type":"BreadcrumbList","@id":"https:\/\/boglarkanagy.com\/termek\/scelerisque-fermentum\/#breadcrumb","itemListElement":[{"@type":"ListItem","position":1,"name":"Home","item":"https:\/\/boglarkanagy.com\/"},{"@type":"ListItem","position":2,"name":"Products","item":"https:\/\/boglarkanagy.com\/products\/"},{"@type":"ListItem","position":3,"name":"Scelerisque Fermentum"}]},{"@type":"WebSite","@id":"https:\/\/boglarkanagy.com\/hu\/#website","url":"https:\/\/boglarkanagy.com\/hu\/","name":"Boglarka Nagy","description":"Boglarka Nagy","publisher":{"@id":"https:\/\/boglarkanagy.com\/hu\/#organization"},"potentialAction":[{"@type":"SearchAction","target":{"@type":"EntryPoint","urlTemplate":"https:\/\/boglarkanagy.com\/hu\/?s={search_term_string}"},"query-input":{"@type":"PropertyValueSpecification","valueRequired":true,"valueName":"search_term_string"}}],"inLanguage":"hu"},{"@type":"Organization","@id":"https:\/\/boglarkanagy.com\/hu\/#organization","name":"Boglarka Nagy","url":"https:\/\/boglarkanagy.com\/hu\/","logo":{"@type":"ImageObject","inLanguage":"hu","@id":"https:\/\/boglarkanagy.com\/hu\/#\/schema\/logo\/image\/","url":"https:\/\/boglarkanagy.com\/wp-content\/uploads\/2024\/01\/bn_logo_bvn_logov_white-2-2.png","contentUrl":"https:\/\/boglarkanagy.com\/wp-content\/uploads\/2024\/01\/bn_logo_bvn_logov_white-2-2.png","width":700,"height":68,"caption":"Boglarka Nagy"},"image":{"@id":"https:\/\/boglarkanagy.com\/hu\/#\/schema\/logo\/image\/"}}]}},"_links":{"self":[{"href":"https:\/\/boglarkanagy.com\/hu\/wp-json\/wp\/v2\/product\/425","targetHints":{"allow":["GET"]}}],"collection":[{"href":"https:\/\/boglarkanagy.com\/hu\/wp-json\/wp\/v2\/product"}],"about":[{"href":"https:\/\/boglarkanagy.com\/hu\/wp-json\/wp\/v2\/types\/product"}],"replies":[{"embeddable":true,"href":"https:\/\/boglarkanagy.com\/hu\/wp-json\/wp\/v2\/comments?post=425"}],"wp:featuredmedia":[{"embeddable":true,"href":"https:\/\/boglarkanagy.com\/hu\/wp-json\/wp\/v2\/media\/2685"}],"wp:attachment":[{"href":"https:\/\/boglarkanagy.com\/hu\/wp-json\/wp\/v2\/media?parent=425"}],"wp:term":[{"taxonomy":"product_brand","embeddable":true,"href":"https:\/\/boglarkanagy.com\/hu\/wp-json\/wp\/v2\/product_brand?post=425"},{"taxonomy":"product_cat","embeddable":true,"href":"https:\/\/boglarkanagy.com\/hu\/wp-json\/wp\/v2\/product_cat?post=425"},{"taxonomy":"product_tag","embeddable":true,"href":"https:\/\/boglarkanagy.com\/hu\/wp-json\/wp\/v2\/product_tag?post=425"}],"curies":[{"name":"wp","href":"https:\/\/api.w.org\/{rel}","templated":true}]}}